{"id":327,"date":"2023-05-30T10:53:57","date_gmt":"2023-05-30T10:53:57","guid":{"rendered":"https:\/\/aquaparkraj.rs\/?page_id=327"},"modified":"2025-06-04T09:18:27","modified_gmt":"2025-06-04T09:18:27","slug":"pravilnik","status":"publish","type":"page","link":"https:\/\/aquaparkraj.rs\/en\/pravilnik\/","title":{"rendered":"Rulebook"},"content":{"rendered":"<div data-elementor-type=\"wp-page\" data-elementor-id=\"327\" class=\"elementor elementor-327\" data-elementor-post-type=\"page\">\n\t\t\t\t\t\t<section class=\"elementor-section elementor-top-section elementor-element elementor-element-443907d elementor-section-full_width elementor-section-height-default elementor-section-height-default\" data-id=\"443907d\" data-element_type=\"section\" data-settings=\"{&quot;background_background&quot;:&quot;classic&quot;}\">\n\t\t\t\t\t\t<div class=\"elementor-container elementor-column-gap-default\">\n\t\t\t\t\t<div class=\"aux-parallax-section elementor-column elementor-col-100 elementor-top-column elementor-element elementor-element-4087431\" data-id=\"4087431\" data-element_type=\"column\">\n\t\t\t<div class=\"elementor-widget-wrap elementor-element-populated\">\n\t\t\t\t\t\t<section class=\"elementor-section elementor-inner-section elementor-element elementor-element-eb673dd elementor-section-boxed elementor-section-height-default elementor-section-height-default\" data-id=\"eb673dd\" data-element_type=\"section\">\n\t\t\t\t\t\t<div class=\"elementor-container elementor-column-gap-default\">\n\t\t\t\t\t<div class=\"aux-parallax-section elementor-column elementor-col-100 elementor-inner-column elementor-element elementor-element-57ff7df\" data-id=\"57ff7df\" data-element_type=\"column\">\n\t\t\t<div class=\"elementor-widget-wrap elementor-element-populated\">\n\t\t\t\t\t\t<div class=\"elementor-element elementor-element-43b483f elementor-widget elementor-widget-aux_modern_heading\" data-id=\"43b483f\" data-element_type=\"widget\" data-widget_type=\"aux_modern_heading.default\">\n\t\t\t\t<div class=\"elementor-widget-container\">\n\t\t\t<section class=\"aux-widget-modern-heading\">\n            <div class=\"aux-widget-inner\"><p class=\"aux-modern-heading-primary\">Rulebook<\/p><\/div>\n        <\/section>\t\t<\/div>\n\t\t\t\t<\/div>\n\t\t\t\t<div class=\"elementor-element elementor-element-e482e3e elementor-widget elementor-widget-aux_modern_heading\" data-id=\"e482e3e\" data-element_type=\"widget\" data-widget_type=\"aux_modern_heading.default\">\n\t\t\t\t<div class=\"elementor-widget-container\">\n\t\t\t<section class=\"aux-widget-modern-heading\">\n            <div class=\"aux-widget-inner\"><p class=\"aux-modern-heading-primary\">Uvodne odredbe<\/p><div class=\"aux-modern-heading-description\"><p>1. Ovim Pravilnikom o na\u010dinu kori\u0161\u0107enja usluga aquaparka Raj, Olimpijska 29 A, 36210 Vrnja\u010dka Banja<br \/>(dalje: Pravilnik) ureduje se na\u010din rada aquaparka Raj (dalje: aquapark), kao i pravila koja reguli\u0161u<br \/>pona\u0161anje posetilaca odr\u017eavanje reda, \u010disto\u0107e bezbednosti u aquaparku u vreme njegovog rada. Pod<br \/>aquaparkom se podrazumevaju i prilazna mesta spolja\u0161nje ure\u0111enje parka parking mesta aquaparka.<\/p><p>2. Svaki posetilac pri ulasku u kompleks je u obavezi da se upozna sa ovim Pravilnikom, kao da<br \/>po\u0161tuje njegove odredbe, a isti je dostupan na srpskom i engleskom jeziku vidno istaknut na ulazu<br \/>unutar aquaparka kao i na web stranici aquaparka: www.aquaparkraj.rs.<\/p><p>3. Kupovinom ulaznice posetilac prihvata Pravilnik njegove odredbe i potvrduje da je ovaj Pravilnik<br \/>pro\u010ditao. Isto tako se obavezuje da \u0107e se pridr\u017eavati odredbi, smernica, upozorenja, zabrana, koja su<br \/>navedena u Pravilniku, kao na info i ostalim tablama, koje se nalaze na aquaparku kao i smernica i<br \/>instrukcija i naloga osobija aquaparka. Kupovinom ulaznice posetilac potvrduje da je svestan<br \/>posledica koje proizilaze iz kr\u0161enja bilo kojih od pravila. Posetioci moraju da izbegavaju sve radnje<br \/>koje naru\u0161avaju udobnost drugih posetilaca ili koje naru\u0161avaju radne obaveze zaposlenih.<\/p><p>4. Sve usluge koje nudi aquapark pla\u0107aju se na prodajnim mestima aquaparka isklju\u010divo putem<br \/>prepaid elektronske RFID (radio frequency identification) narukvice koja se preuzima na ulaznim<br \/>blagajnama nakon uplate odabranog iznosa, odnosno depozita posetioca isklju\u010divo u dinarima (RSD),<br \/>slu\u017ebenoj valuti Republike Srbije, ili va\u017ee\u0107im prihva\u0107enim kreditnim karticama. Ostavija se mogu\u0107nost<br \/>izbora svakog posetioca koji \u0107e iznos uplatiti na narukvicu nakon \u010dega mo\u017ee pla\u0107ati sve usluge na<br \/>prodajnim mestima aquaparka. Svi posetioci, nezavisno od uplate depozita, dobi\u0107e beskontaktnu<br \/>narukvicu, uklju\u010duju\u0107i i decu, sve radi bezbednosti i kontrole posetilaca. Ukoliko se potro\u0161i upla\u0107eni<br \/>saldo (depozit) mogu\u0107e je izvr\u0161iti doplatu na istu narukvicu na blagajnama info pulta. Na izlaznim<br \/>blagajnama ispostavlja se fiskalni ra\u010dun za svu potro\u0161nju posetioca u aquaparku i u slu\u010daju razlike<br \/>upla\u0107enog potro\u0161enog novca, odnosno ostatka novca, vr\u0161i se povra\u0107aj ostatka novca posetiocima.<\/p><p>5. Odgovornost Uprave za povrede, o\u0161te\u0107enje imovine ili finansijski gubitak je limitirana u okviru<br \/>zakonske regulative. Posetilac ima mogu\u0107nost parkiranja svog vozila na parkirali\u0161tima izvan prostora<br \/>aquaparka na sopstveni rizik. Uprava aquaparka nije odgovorna za eventualnu kradju vozila,<br \/>o\u0161te\u0107enja na vozilu posetilaca niti za kradju li\u010dnih stvari ostavljenih u vozilima.<\/p><p>6. Sva aktuelna uputstva u aquaparku imaju prednost nad op\u0161tim propisima i uputstvima. Posetilac<br \/>koji se nakon upozorenja ne pridr\u017eava odredbi ovog Pravilnika ili ne po\u0161tuje uputstva, naloge osoblja<br \/>aquaparka mo\u017ee biti udaljen iz aquaparka bez povra\u0107aja novca za ulaznicu.<\/p><\/div><\/div>\n        <\/section>\t\t<\/div>\n\t\t\t\t<\/div>\n\t\t\t\t<div class=\"elementor-element elementor-element-d0fbcae elementor-widget elementor-widget-aux_modern_heading\" data-id=\"d0fbcae\" data-element_type=\"widget\" data-widget_type=\"aux_modern_heading.default\">\n\t\t\t\t<div class=\"elementor-widget-container\">\n\t\t\t<section class=\"aux-widget-modern-heading\">\n            <div class=\"aux-widget-inner\"><p class=\"aux-modern-heading-primary\">Ulaz u prostor aquaparka<\/p><div class=\"aux-modern-heading-description\"><p>7. Ulaz je dozvoljen samo u radno vreme aquaparka, od 10:00 do 18:00 sati ili kako uprava vanredno<br \/>odredi, sa va\u017ee\u0107om ulaznicom ili sezonskom kartom, koju posetilac mo\u017ee da kupi na blagajni i<br \/>omogu\u0107ava samo jedan ulaz u aqua- park.<\/p><p>8. Deci mladjoj od 12 godina ulaz je dozvoljen samo u pratnji osobe starije od 18 godina.<\/p><p>9. Aquapark mo\u017ee biti tokom odredjenih sati rezervisan za \u0161kole, dru\u0161tvene, sportske i druge<br \/>organizacije. Za to vreme u odredenom prostoru nije dozvoljeno kupanje ostalim posetiocima. Kada<br \/>su kapaciteti aquaparka popunjeni, uprava zadr\u017eava pravo da ne dozvoli ulaz ostalim posetiocima.<\/p><p>10. Poslednja prodaja ulaznica u aquapark je mogu\u0107a najkasnije jedan sat pre zatvaranja aquaparka.<br \/>11. Svaki popust se mo\u017ee ostvariti uz pokazivanje identifikacione isprave sa fotografijom. Odrasli -<br \/>li\u010dna karta ili paso\u0161, deca - zdravstvena knji\u017eica ili paso\u0161 (mo\u017ee i fotokopija).<\/p><\/div><\/div>\n        <\/section>\t\t<\/div>\n\t\t\t\t<\/div>\n\t\t\t\t<div class=\"elementor-element elementor-element-8c47e57 elementor-widget elementor-widget-aux_modern_heading\" data-id=\"8c47e57\" data-element_type=\"widget\" data-widget_type=\"aux_modern_heading.default\">\n\t\t\t\t<div class=\"elementor-widget-container\">\n\t\t\t<section class=\"aux-widget-modern-heading\">\n            <div class=\"aux-widget-inner\"><p class=\"aux-modern-heading-primary\">Zabrana ulaska u aquapark<\/p><div class=\"aux-modern-heading-description\"><p>Zabranu ulaska u park mogu imati<\/p><p>12. Osobe obolele od zaraznih bolesti (u slu\u010daju nedoumice od posetioca mo\u017ee biti tra\u017eena potvrda<br \/>od lekara), osobe sa otvorenim ranama, eventualno ko\u017enim problemima i osobe koje boluju od bilo<br \/>kakvih bolesti koje mogu da ugroze zdravije ostalih posetioca ( osobe sa temperaturom, ka\u0161ljem,<br \/>upalom ro\u017enja\u010de (konjuktivitis), osobe sa zaraznim bolestima ili bolestima koje izazivaju gadjenje,<br \/>klicono\u0161e crevnih i drugih bolesti, osobe sa zavojima na telu, kao i osobe koje ne odr\u017eavaju li\u010dnu<br \/>higijenu). Takode \u010dlanovi porodice osoba obolelih od zaraznih bolesti.<\/p><p>13. Osobe koje planiraju da koriste aquapark u komercijalne svrhe ili nestandardno kori\u0161\u0107enje bez<br \/>odobrenja kompetentne osobe i ovla\u0161\u0107enog lica od strane uprave aquaparka.<\/p><p>14. Osobe \u010dija poseta bi mogla da poremeti red, bezbednost i \u010disto\u0107u aquaparka, a njihovo pona\u0161anje<br \/>je u suprotnosti sa moralnim i dru\u0161tvenim na\u010delima.<\/p><p>15. Zabrana ulaza va\u017ei za osobe pod uticajem alkohola, droga ili drugih narkoti\u010dkih sredstava.<\/p><p>16. U aquapark nije dozvoljeno uvo\u0111enje \u017eivotinja.<\/p><p>17. Iz bezbednosnih razloga, osobama koje se ne mogu samostalno kretati, obla\u010diti ili svla\u010diti bez<br \/>pomo\u0107i druge osobe, tako\u0111e osobama sa fizi\u010dkim ili mentalnim smetnjama, ulaz u aquapark je<br \/>dozvoljen samo uz pratnju.<\/p><p>18. Iz prostora aquaparka mo\u017ee biti udaljen, bez povra\u0107aja novca za ulaznicu, posetilac koji se i nakon<br \/>upozorenja ne pridr\u017eava odredbi ovog Pravilnika ili ne poslu\u0161a uputstva radnika u aquaparku. U<br \/>krajnjem slu\u010daju, prema karakteru prekr\u0161aja, upravnik aquaparka mo\u017ee da zatra\u017ei intervenciju od<br \/>strane pripadnika nadle\u017enih organa bezbednosti.<br \/>19. Uprava aquaparka ima pravo da zabrani ulaz u aquapark nepo\u017eeljnim licima ili osobama koje su<br \/>kod prethodnih poseta kr\u0161ile odredbe ovog Pravilnika.<\/p><\/div><\/div>\n        <\/section>\t\t<\/div>\n\t\t\t\t<\/div>\n\t\t\t\t<div class=\"elementor-element elementor-element-3677ead elementor-widget elementor-widget-aux_modern_heading\" data-id=\"3677ead\" data-element_type=\"widget\" data-widget_type=\"aux_modern_heading.default\">\n\t\t\t\t<div class=\"elementor-widget-container\">\n\t\t\t<section class=\"aux-widget-modern-heading\">\n            <div class=\"aux-widget-inner\"><p class=\"aux-modern-heading-primary\">Informacije o radu aquaparka za posetioce<\/p><div class=\"aux-modern-heading-description\"><p>20. Vreme boravka u aquaparku je ograni\u010deno radnim vremenom.<\/p><p>21. Svi posetioci su u obavezi pre ulaska u bazen ili atrakciju da upotrebe WC da se detaljno umiju<br \/>sapunom ili \u0161amponom ispod tu\u0161a.<br \/>22. Posetioci aquaparka moraju koristiti kupa\u0107i kostim koji mora biti cist. Nudizam je zabranjen.<\/p><p>23. Posetioci se mogu svla\u010diti i obla\u010diti samo na mestima za to predvidjenim u garderobama ili<br \/>spolja\u0161njim svla\u010dionicama.<br \/>24. Iz bezbednosnih razloga zabranjeno je nositi bilo kakvu staklenu ambala\u017eu.<\/p><p>25. Za prekomerno habanje kupa\u0107ih kostima usled \u010destog spu\u0161tanja niz tobogane uprava aquaparka<br \/>ne snosi odgovornost.<br \/>26. Preporu\u010duje se da u aquapark ne unosite vredne stvari ve\u0107u koli\u010dinu novca. Uprava aquaparka<br \/>nudi mogu\u0107nost upotrebe ormari\u0107a\/trezora za odlaganje vrednih stvari u prostoru svla\u010dionice.<br \/>Uprava ne odgovora za kradju\/nestanak stvari u okviru aquaparka.<br \/>27. Nepliva\u010di se mogu kupati samo u odre\u0111enim prostorima i samo na sopstvenu odgovornost. Bazen<br \/>sa talasima (Wave pool) je namenjen samo pliva\u010dima. Za nepliva\u010de je ovaj bazen zabranjen.<\/p><p>28. Za upotrebu sportskih rekvizita neophodna je dozvola de\u017eurnog osoblja.<\/p><p>29. U de\u010diji bazen dozvoljen je ulaz samo deci do 140 cm. Ulaz odraslima u de\u010diji bazen je zabranjen<br \/>ukoliko ne prate dete do 100 cm. Nije dozvol jeno penjanje ili spu\u0161tanje odraslih osoba na de\u010dijim<br \/>atrakcijama toboganima.<br \/>30.Svi posetioci moraju da brinu o \u010disto\u0107i aquaparka, da svojim postupcima i pona\u0161anjem ne<br \/>uznemiravaju ostale posetioce, da ne prave preteranu buku, da brinu za li\u010dnu bezbednost i da ne tr\u010de<br \/>po mokrim(klizavim) povr\u0161inama.<\/p><p>31. Uprava zadr\u017eava pravo da u slu\u010daju lo\u0161eg vremena (ki\u0161a, oluja, jak vetar, magle i smanjene<br \/>vidljivosti) i iz tehni\u010dkih razloga koriguje vreme otvaranja i zatvaranja aquaparka, kao i pojedinih<br \/>atrakcija iz bezbedonosnih razloga. U slu\u010daju gore navedenog Uprava nije u obavezi da nadoknadi<br \/>ulaznicu posetiocima, niti na drugi na\u010din da posetiocu izvr\u0161i nadoknadu. Uprava zadr\u017eava pravo da na<br \/>osnovu sopstvene procene povremeno isklju\u010duje pojedine atrakcije, odnosno pusti u funkciju samo<br \/>pojedine atrakcije. DODALA BIH DA ZADR\u017dAVAMO PRAVO DA U SLU\u010cAJU VETRA OLUJE ZATVORIMO<br \/>SUNCOBRANE ILI DA ZAMOLIMO POSETIOCE DA SVAKO ZATVORI SVOJ SUNCOBRAN ZBOG<br \/>BEZBEDNOSTI<\/p><p>32. Svaki posetilac je u obavezi da nadoknadi gubitke \u0161tete koje je izazvao, do kojih je do\u0161lo njegovom<br \/>krivicom kako na opremi aqua parka, tako na imovini ostalih lica.<\/p><p>33. Za povrede koje posetilac izazove sopstvenom neoprezno\u0161\u0107u ili nepo\u0161tovanjem ovog Pravilnika,<br \/>uprava ne snosi odgovornost.<br \/>34.Sve tobogane i atrakcije, na koje posetilac ima dozvoljen pristup, koristi na sopstvenu odgovornost<br \/>i rizik. Maksimalna dozvoljena te\u017eina korisnika atrakcija tobogana je 150 kg. MOZDA DODASTI<br \/>MINIMALNU VISINU TEZINU ZA OBICNU I DUPLU GUMU ILI POD 36<\/p><p>35.Na vodenim atrakcijama neophodna je pove\u010dana opreznost. Zabranjeno je bacanje drugih u vodu,<br \/>skakanje u vodu ili ronjenja u vodi ako nije pod kontrolom organizovanih kurseva za ronjenje pod<br \/>nadzorom ovla\u0161\u0107enih u\u010ditelja ronjenja.<\/p><p>36.Svaki posetilac je u obavezi da se pridr\u017eava uputstava za spu\u0161tanje na toboganima, ostalih<br \/>obave\u0161tenja upozorenja istaknutih u aquaparku. U slu\u010daju nepo\u0161tovanja ograni\u010denja upozorenja, koje<br \/>na odredeni na\u010din ograni\u010davaju upotrebu atrakcija u aquaparku, posetilac preuzima na sebe<br \/>odgovornost za bilo kakve povrede ili druga o\u0161te\u0107enja koja proizilaze iz rizi\u010dnog pona\u0161anja.<br \/>Osoba koja pod uticajem alkohola koristi atrakcije radi to na sopstveni rizik. U slu\u010daju povreda<br \/>dobijenih pod dejstvom alkohola uprava ne snosi odgovornost.<\/p><p>37.Posetilac je u obavezi da napusti bazene 15 minuta pre zavr\u0161etka radnog vremena. DA LI IZBACITI<br \/>38.Posetioci snose potpunu odgovornost za zaklju\u010davanje ormari\u0107a, u kojima imaju ostavljene li\u010dne<br \/>stvari. Ormari\u0107i koji su ostali zaklju\u010dani nakon zavr\u0161etka radnog vremena aquaparka, a po zavr\u0161etku<\/p><p>rada, bi\u0107e otvoreni od strane de\u017eurnog osoblja, a sadr\u017eaj \u0107e nakon 24 sata biti tretiran kao izgubljena<br \/>imovina.<\/p><p>39. Uprava ne odgovara za li\u010dne stvari izgubljene u aquaparku ili na atrakcijama.<\/p><p>40.U slu\u010daju lo\u0161eg vremena, oluje jakog vetra posetioci su iz bezbednosnih razloga u obavezi da<br \/>napuste bazene. Ako posetilac odlu\u010di pre vremena da napusti aquapark zbog lo\u0161eg vremena, uprava<br \/>nije u obavezi da mu nadoknadi ulaznicu, niti na drugi na\u010din da izvr\u0161i nadoknadu.<br \/>41. Posetioci su u obavezi da se pridr\u017eavaju uputstava spasilaca\/kupaii\u0161nih nadzornika osoblja<br \/>aquaparka. Svi prostori u aquaparku su pod video nadzorom i ozna\u010deni su sve sa ciljem za\u0161tite i<br \/>spre\u010davanja kriminalne aktivnosti. Video kamere su pra\u0107ene od strane ovla\u0161\u0107enih osoba i na<br \/>raspolaganju su isklju\u010divo ovla\u0161\u0107enim osobama Ministarstva unutra\u0161njih poslova.<\/p><p>42.U aquaparku je postavljen ograni\u010den broj le\u017ealjki, suncobrana, stolova i stolica. Nakon popune<br \/>kapaciteta aquapark nije u obavezi da preostalim posetiocima obezbedi kori\u0161\u0107enje istih. Mobilijar nije<br \/>mogu\u0107e rezervisati unapred. U trgovini aquaparka pored suvenira i sredstava za negu mogu\u0107e je<br \/>iznajmiti pe\u0161kire aquaparka uz naplatu i kauciju koja se vra\u0107a nakon povra\u010daja pe\u0161kira, a zadr\u017eava se<br \/>jedan deo kao naknada za kori\u0161\u0107enje.<\/p><p>43.Propusna mo\u0107 odnosno kapacitet svih atrakcija u aquaparku je ograni\u010dena prema uputstvima<br \/>dobavija\u010da sve zbog bezbednosti posetilaca. Aquapark ne garantuje kori\u0161\u0107enje svih atrakcija<br \/>neograni\u010den broj puta i bez \u010dekanja na kori\u0161\u0107enje istih. Dozvoljeno je spu\u0161tanje samo jednog po<br \/>jednog posetioca niz tobogane isklju\u010divo nakon dobijenog signala od strane osoblja aquaparka.<br \/>Posetilac je du\u017ean da pre kori\u0161\u0107enja svake atrakcije proveri polo\u017eaj za spu\u0161tanje te izadje iz dela<br \/>bazena i zaustavne trake u koju se spustio \u010dim pre kako bi se izbegla mogu\u0107nost povreda, mogu\u0107eg<br \/>kontakta ili sudara sa ostalim korisnicima atrakcija.<\/p><\/div><\/div>\n        <\/section>\t\t<\/div>\n\t\t\t\t<\/div>\n\t\t\t\t<div class=\"elementor-element elementor-element-e444beb elementor-widget elementor-widget-aux_modern_heading\" data-id=\"e444beb\" data-element_type=\"widget\" data-widget_type=\"aux_modern_heading.default\">\n\t\t\t\t<div class=\"elementor-widget-container\">\n\t\t\t<section class=\"aux-widget-modern-heading\">\n            <div class=\"aux-widget-inner\"><p class=\"aux-modern-heading-primary\">U aquaparku je zabranjeno <\/p><div class=\"aux-modern-heading-description\"><p>44.Tra\u017eiti od zaposlenih u kompleksu usluge koje su u suprotnosti sa ovim Pravilnikom.<br \/>45.Uni\u0161tavati opremu kompleksa i rasipati vodu.<br \/>46.Kupati se u ode\u0107i nepodobnoj za kupanje, uklju\u010duju\u0107i donji ve\u0161. Deci svih uzrasta je ulaz u bazen iz<br \/>higijenskih razloga dozvoljen samo u kupa\u0107em kostimu ili specijalnim kupa\u0107im (vodootpornim)<br \/>pelenama.<\/p><p>47. Neopravdano tra\u017eiti pomo\u0107.<\/p><p>48.Ulaziti u prostore koji nisu namenjeni za javnost, u svla\u010dionice i tu\u0161eve osobama koji nisu pol<br \/>ozna\u010den na ulazu,vratima istih, kao i u delove aquaparka gde je ozna\u010dena zabrana ulaza iz<br \/>bezbednosnih ili tehni\u010dkih razloga.<\/p><p>49.Skakati u bazen mimo prostora za to namenjenih, tr\u010dati po stazama, skakati sa njih sa drugih<br \/>rizi\u010dnih mesta.<br \/>50. Nositi u bazen predmete koji nisu predvideni za plivanje kupanje. Zabranjeno je unositi peraja,<br \/>maske za ronjenja osim ako Uprava aqua parka druga\u010dije ne odlu\u010di.<br \/>51. Galamiti, zvi\u017edati, praviti nepotrebnu buku, tr\u010dati (opasnost od povrede usled okliznu\u0107a),<br \/>medusobno se gnjurati i obarati druge osobe ili se na drugi na\u010din nedoli\u010dno pona\u0161ati.<br \/>52.Namerno prijati zaga\u0111ivati vodu, mokriti u bazen, bacati otpatke i zagadivati prostor aquaparka.<\/p><p>53.Pu\u0161iti u prostorima uslu\u017ene zgrade bazena, u svakom delu aqua parka obele\u017eenom kao nepu\u0161a\u010dka<br \/>zona.<br \/>54.Neovla\u0161\u0107eno upotrebljavati opremu za spasavanje predmete prve pomo\u0107i, aparate za ga\u0161enje<br \/>po\u017eara ili drugu opremu koja aquaparku slu\u017ei za vanredne situacije.<br \/>55.Svojevoljno preme\u0161tati opremu instalirani name\u0161taj.<br \/>56. Nositi sa sobom o\u0161tre predmete, druge staklene stvari, koje se mogu razbiti i time izazvati<br \/>povredu.<br \/>57.Pranje ve\u0161a, umivanje sapunom izvan prostora odre\u0111enog za ove namene.<\/p><p>58. Iz bezbednosnih razloga zabranjeno je koristiti sve tobogane (ukiju\u010duju\u0107i vo\u017enju na gumama<br \/>Water Tubing), ako posetilac na sebi ima prstenje, sat, lan\u010di\u0107e, nao\u010dare.<br \/>59. Ulaziti u bazen, na tobogane sa zvakacom gumom.<\/p><p>60.Konzumirati hranu pi\u0107a u prostorima bazena, ili drugim, za ovu svrhu, nerezervisanim prostorima.<br \/>U slu\u010daju kr\u0161enja ove zabrane uprava ima pravo odmah da udalji posetioca iz aquaparka bez prava na<br \/>povra\u0107aj novca za ulaznicu.<\/p><p>61. Konzumirati hranu i pi\u0107a u prostorima oko bazena, prostorima za sun\u010danje drugim prostorima koji<br \/>nisu za to namenjeni ili predvideni. Zabranjeno je donositi vlastita pi\u0107a, alkoholna pi\u0107a, fla\u0161e, posebno<br \/>u staklenoj ili plasti\u010dnoj ambala\u017ei sadr\u017eaja koji se ne sla\u017eu sa originalno proizvedenim sadr\u017eajem fla\u0161e.<\/p><p>62. No\u0161enje i upotreba oru\u017eja bilo koje vrste.<\/p><p>63.Fotografisanje ili snimanje posetioca ili grupe ljudi bez njihove saglasnosti i saglasnosti uprave<br \/>aquaparka sve u skladu sa GDPR pravilima (General Data Protection Regulation).<\/p><p>64.Kori\u0161\u0107enje muzi\u010dkih instrumenata, audio tehnike, video tehnike, drona bez dozvole uprave<br \/>aquaparka.<br \/>65.Nanositi \u0161tetu, prljati, preme\u0161tati, menjati ili uklanjati predmete il oznake koji su postavljeni u<br \/>aquaparku. Posetioci nisu ovla\u0161\u0107eni da sami upotrebljavaju opremu za spa\u0161avanje, prvu pomo\u0107,<br \/>aparate za ga\u0161enje po\u017eara drugu opremu koja slu\u017ei osoblju aquaparka za vanredne situacije.<\/p><p>66.Uznemiravati kupa\u010de, posetioce, spasioce druge zaposlene u aqua- parku i naru\u0161avati bezbednost<br \/>kupa\u010da i posetioca na bilo koji na\u010din.<br \/>67.Pona\u0161ati se na prostoru kupali\u0161ta protivno ovom Pravilniku.<\/p><p>68. Kori\u0161\u0107enje sredstava za higijenu u bazenima kompleksa.<br \/>69.Koriscenje pi\u0161taljke ili sli\u010dnih sprava\/uredaja za davanje zvu\u010dnih signala koje mogu remetiti rad<br \/>spasila\u010dke drugih stru\u010dnih slu\u017ebi u aquaparku.<br \/>70.Unutar aquaparka nije dozvoljena vo\u017enja bicikla, bicikla sa motorom, rolera, ro\u0161ula, skejtborda i<br \/>trotineta.<br \/>71. Nije dozvoljeno hodanje mimo vodenih povr\u0161ina bez adekvatne obu\u0107e.<\/p><\/div><\/div>\n        <\/section>\t\t<\/div>\n\t\t\t\t<\/div>\n\t\t\t\t<div class=\"elementor-element elementor-element-3ede3fd elementor-widget elementor-widget-aux_modern_heading\" data-id=\"3ede3fd\" data-element_type=\"widget\" data-widget_type=\"aux_modern_heading.default\">\n\t\t\t\t<div class=\"elementor-widget-container\">\n\t\t\t<section class=\"aux-widget-modern-heading\">\n            <div class=\"aux-widget-inner\"><p class=\"aux-modern-heading-primary\">Ostale odredbe<\/p><div class=\"aux-modern-heading-description\"><p>72. Pravilnik o na\u010dinu kori\u0161\u0107enja pravila odnose se na op\u0161tu upotrebu opreme, izuzeci mogu biti<br \/>odobreni u specijalnim slu\u010dajevima, bez neophodnosti promene ovog pravilnika. Promenu mo\u017ee<br \/>odobriti samo ovla\u0161\u0107ena osoba aquaparka.<br \/>73. Za fotografisanje i snimanje u okviru aquaparka u komercijalne svrhe I za \u0161tampu neophodna je<br \/>obavezna dozvola nadle\u017enih ili ovla\u0161\u0107enih lica aquaparka.<\/p><\/div><\/div>\n        <\/section>\t\t<\/div>\n\t\t\t\t<\/div>\n\t\t\t\t<div class=\"elementor-element elementor-element-84f80cb elementor-widget elementor-widget-aux_modern_heading\" data-id=\"84f80cb\" data-element_type=\"widget\" data-widget_type=\"aux_modern_heading.default\">\n\t\t\t\t<div class=\"elementor-widget-container\">\n\t\t\t<section class=\"aux-widget-modern-heading\">\n            <div class=\"aux-widget-inner\"><p class=\"aux-modern-heading-primary\">Prelazne i zavr\u0161ne odredbe<\/p><div class=\"aux-modern-heading-description\"><p>74. Izmene dopune ovog Pravilnika vr\u0161e direktori dru\u0161tva, na na\u010din u postupku propisanom za<br \/>njegovo dono\u0161enje.<\/p><p>Ovaj Pravilnik stupa na snagu osmog dana od dana objavljivanja na oglasnoj tabli dru\u0161tva AQUA<br \/>AMIGA do.a. Vrnja\u010dka Banja.<\/p><p>Vrnja\u010dka Banja, 1.6.2025.<\/p><\/div><\/div>\n        <\/section>\t\t<\/div>\n\t\t\t\t<\/div>\n\t\t\t\t\t<\/div>\n\t\t<\/div>\n\t\t\t\t\t<\/div>\n\t\t<\/section>\n\t\t\t\t\t<\/div>\n\t\t<\/div>\n\t\t\t\t\t<\/div>\n\t\t<\/section>\n\t\t\t\t<\/div>","protected":false},"excerpt":{"rendered":"<p>Pravilnik Uvodne odredbe 1. Ovim Pravilnikom o na\u010dinu kori\u0161\u0107enja usluga aquaparka Raj, Olimpijska 29 A, 36210 Vrnja\u010dka Banja(dalje: Pravilnik) ureduje se na\u010din rada aquaparka Raj (dalje: aquapark), kao i pravila koja reguli\u0161upona\u0161anje posetilaca odr\u017eavanje reda, \u010disto\u0107e bezbednosti u aquaparku u vreme njegovog rada. Podaquaparkom se podrazumevaju i prilazna mesta spolja\u0161nje ure\u0111enje parka parking mesta aquaparka. [&hellip;]<\/p>","protected":false},"author":1,"featured_media":0,"parent":0,"menu_order":0,"comment_status":"closed","ping_status":"closed","template":"elementor_header_footer","meta":{"footnotes":""},"class_list":["post-327","page","type-page","status-publish","hentry"],"_links":{"self":[{"href":"https:\/\/aquaparkraj.rs\/en\/wp-json\/wp\/v2\/pages\/327","targetHints":{"allow":["GET"]}}],"collection":[{"href":"https:\/\/aquaparkraj.rs\/en\/wp-json\/wp\/v2\/pages"}],"about":[{"href":"https:\/\/aquaparkraj.rs\/en\/wp-json\/wp\/v2\/types\/page"}],"author":[{"embeddable":true,"href":"https:\/\/aquaparkraj.rs\/en\/wp-json\/wp\/v2\/users\/1"}],"replies":[{"embeddable":true,"href":"https:\/\/aquaparkraj.rs\/en\/wp-json\/wp\/v2\/comments?post=327"}],"version-history":[{"count":39,"href":"https:\/\/aquaparkraj.rs\/en\/wp-json\/wp\/v2\/pages\/327\/revisions"}],"predecessor-version":[{"id":6258,"href":"https:\/\/aquaparkraj.rs\/en\/wp-json\/wp\/v2\/pages\/327\/revisions\/6258"}],"wp:attachment":[{"href":"https:\/\/aquaparkraj.rs\/en\/wp-json\/wp\/v2\/media?parent=327"}],"curies":[{"name":"wp","href":"https:\/\/api.w.org\/{rel}","templated":true}]}}